{"id":3204,"date":"2023-05-29T12:40:28","date_gmt":"2023-05-29T11:40:28","guid":{"rendered":"https:\/\/hagmann-tec.com\/?page_id=3204"},"modified":"2025-10-29T13:37:55","modified_gmt":"2025-10-29T12:37:55","slug":"carriere","status":"publish","type":"page","link":"https:\/\/hagmann-tec.com\/fr\/carriere\/","title":{"rendered":"Carri\u00e8re"},"content":{"rendered":"\t\t<div data-elementor-type=\"wp-page\" data-elementor-id=\"3204\" class=\"elementor elementor-3204 elementor-224\" data-elementor-post-type=\"page\">\n\t\t\t\t\t\t<section class=\"elementor-section elementor-top-section elementor-element elementor-element-14b9dfc9 elementor-section-height-min-height elementor-section-boxed elementor-section-height-default elementor-section-items-middle\" data-id=\"14b9dfc9\" data-element_type=\"section\" data-e-type=\"section\" data-settings=\"{&quot;background_background&quot;:&quot;classic&quot;,&quot;animation&quot;:&quot;none&quot;}\">\n\t\t\t\t\t\t\t<div class=\"elementor-background-overlay\"><\/div>\n\t\t\t\t\t\t\t<div class=\"elementor-container elementor-column-gap-default\">\n\t\t\t\t\t<div class=\"elementor-column elementor-col-100 elementor-top-column elementor-element elementor-element-5c7abdee\" data-id=\"5c7abdee\" data-element_type=\"column\" data-e-type=\"column\">\n\t\t\t<div class=\"elementor-widget-wrap elementor-element-populated\">\n\t\t\t\t\t\t<div class=\"elementor-element elementor-element-20d7ac5a de_scroll_animation_no elementor-widget elementor-widget-heading\" data-id=\"20d7ac5a\" data-element_type=\"widget\" data-e-type=\"widget\" data-settings=\"{&quot;_animation&quot;:&quot;none&quot;}\" data-widget_type=\"heading.default\">\n\t\t\t\t\t<h2 class=\"elementor-heading-title elementor-size-default\">Carri\u00e8re<\/h2>\t\t\t\t<\/div>\n\t\t\t\t\t<\/div>\n\t\t<\/div>\n\t\t\t\t\t<\/div>\n\t\t<\/section>\n\t\t\t\t<section class=\"elementor-section elementor-top-section elementor-element elementor-element-011c9f5 elementor-section-boxed elementor-section-height-default elementor-section-height-default\" data-id=\"011c9f5\" data-element_type=\"section\" data-e-type=\"section\">\n\t\t\t\t\t\t<div class=\"elementor-container elementor-column-gap-default\">\n\t\t\t\t\t<div class=\"elementor-column elementor-col-100 elementor-top-column elementor-element elementor-element-b61ef75\" data-id=\"b61ef75\" data-element_type=\"column\" data-e-type=\"column\">\n\t\t\t<div class=\"elementor-widget-wrap elementor-element-populated\">\n\t\t\t\t\t\t<div class=\"elementor-element elementor-element-607b9f9 de_scroll_animation_no elementor-widget elementor-widget-heading\" data-id=\"607b9f9\" data-element_type=\"widget\" data-e-type=\"widget\" data-widget_type=\"heading.default\">\n\t\t\t\t\t<h1 class=\"elementor-heading-title elementor-size-default\">Carri\u00e8re chez Hagmann Tec AG : Construis l\u2019avenir avec nous et d\u00e9passe-toi.<\/h1>\t\t\t\t<\/div>\n\t\t\t\t\t<\/div>\n\t\t<\/div>\n\t\t\t\t\t<\/div>\n\t\t<\/section>\n\t\t\t\t<section class=\"elementor-section elementor-top-section elementor-element elementor-element-cf28558 elementor-section-boxed elementor-section-height-default elementor-section-height-default\" data-id=\"cf28558\" data-element_type=\"section\" data-e-type=\"section\">\n\t\t\t\t\t\t<div class=\"elementor-container elementor-column-gap-default\">\n\t\t\t\t\t<div class=\"elementor-column elementor-col-100 elementor-top-column elementor-element elementor-element-56a1d23\" data-id=\"56a1d23\" data-element_type=\"column\" data-e-type=\"column\">\n\t\t\t<div class=\"elementor-widget-wrap elementor-element-populated\">\n\t\t\t\t\t\t<div class=\"elementor-element elementor-element-a952e53 de_scroll_animation_no elementor-widget elementor-widget-heading\" data-id=\"a952e53\" data-element_type=\"widget\" data-e-type=\"widget\" data-widget_type=\"heading.default\">\n\t\t\t\t\t<h2 class=\"elementor-heading-title elementor-size-default\">Actuellement, tous nos postes sont pourvus\nMerci beaucoup de l\u2019int\u00e9r\u00eat que vous portez \u00e0 rejoindre notre \u00e9quipe ! Pour le moment, nous n\u2019avons pas de postes ouverts, mais cela peut changer \u00e0 tout moment.\nN\u2019h\u00e9sitez pas \u00e0 revenir prochainement pour d\u00e9couvrir de nouvelles opportunit\u00e9s de carri\u00e8re \u2013 le poste id\u00e9al pour vous pourrait bient\u00f4t \u00eatre disponible.<\/h2>\t\t\t\t<\/div>\n\t\t\t\t\t<\/div>\n\t\t<\/div>\n\t\t\t\t\t<\/div>\n\t\t<\/section>\n\t\t\t\t<section class=\"elementor-section elementor-top-section elementor-element elementor-element-89cd451 elementor-section-boxed elementor-section-height-default elementor-section-height-default\" data-id=\"89cd451\" data-element_type=\"section\" data-e-type=\"section\">\n\t\t\t\t\t\t<div class=\"elementor-container elementor-column-gap-default\">\n\t\t\t\t\t<div class=\"elementor-column elementor-col-100 elementor-top-column elementor-element elementor-element-dcd3ffb elementor-hidden-desktop elementor-hidden-laptop elementor-hidden-tablet elementor-hidden-mobile\" data-id=\"dcd3ffb\" data-element_type=\"column\" data-e-type=\"column\">\n\t\t\t<div class=\"elementor-widget-wrap elementor-element-populated\">\n\t\t\t\t\t\t<div class=\"elementor-element elementor-element-121c108 de_scroll_animation_no elementor-widget elementor-widget-text-editor\" data-id=\"121c108\" data-element_type=\"widget\" data-e-type=\"widget\" data-widget_type=\"text-editor.default\">\n\t\t\t\t\t\t\t\t\t<p data-start=\"57\" data-end=\"271\">Nous sommes fiers d\u2019offrir \u00e0 nos clients des produits de premi\u00e8re qualit\u00e9 qui les aident \u00e0 r\u00e9ussir sur le march\u00e9 et \u00e0 \u00eatre hautement productifs. Nous y parvenons gr\u00e2ce \u00e0 une \u00e9quipe engag\u00e9e et parfaitement form\u00e9e.<\/p><p data-start=\"273\" data-end=\"553\">Nos collaborateurs sont au c\u0153ur de notre entreprise. Nous accordons une grande importance \u00e0 leur s\u00e9curit\u00e9 et leur proposons des possibilit\u00e9s de formation continue de la plus haute qualit\u00e9, afin d\u2019am\u00e9liorer sans cesse leurs comp\u00e9tences et de d\u00e9passer les attentes de nos clients.<\/p><p data-start=\"555\" data-end=\"730\">Si tu souhaites faire partie d\u2019une entreprise innovante et solide, ax\u00e9e sur la croissance continue et le succ\u00e8s, alors postule d\u00e8s maintenant \u00e0 l\u2019une de nos offres d\u2019emploi.<\/p>\t\t\t\t\t\t\t\t<\/div>\n\t\t\t\t\t<\/div>\n\t\t<\/div>\n\t\t\t\t\t<\/div>\n\t\t<\/section>\n\t\t\t\t<section class=\"elementor-section elementor-top-section elementor-element elementor-element-95afee9 elementor-section-boxed elementor-section-height-default elementor-section-height-default\" data-id=\"95afee9\" data-element_type=\"section\" data-e-type=\"section\">\n\t\t\t\t\t\t<div class=\"elementor-container elementor-column-gap-default\">\n\t\t\t\t\t<div class=\"elementor-column elementor-col-100 elementor-top-column elementor-element elementor-element-850e662 elementor-hidden-desktop elementor-hidden-laptop elementor-hidden-tablet elementor-hidden-mobile\" data-id=\"850e662\" data-element_type=\"column\" data-e-type=\"column\">\n\t\t\t<div class=\"elementor-widget-wrap elementor-element-populated\">\n\t\t\t\t\t\t<div class=\"elementor-element elementor-element-4d05c6a de_scroll_animation_no elementor-widget elementor-widget-heading\" data-id=\"4d05c6a\" data-element_type=\"widget\" data-e-type=\"widget\" data-widget_type=\"heading.default\">\n\t\t\t\t\t<p class=\"elementor-heading-title elementor-size-default\">Employ\u00e9\u00b7e administratif\u00b7ve \u2013 Traitement des commandes (60 \u00e0 100\u202f%)<\/p>\t\t\t\t<\/div>\n\t\t\t\t<div class=\"elementor-element elementor-element-6387735 de_scroll_animation_no elementor-widget elementor-widget-shortcode\" data-id=\"6387735\" data-element_type=\"widget\" data-e-type=\"widget\" data-settings=\"{&quot;_animation&quot;:&quot;none&quot;}\" data-widget_type=\"shortcode.default\">\n\t\t\t\t\t\t\t<div class=\"elementor-shortcode\"><div class=\"_df_book df-lite\" id=\"df_7100\"  _slug=\"7100\" data-title=\"\" wpoptions=\"true\" thumbtype=\"\" ><\/div><script class=\"df-shortcode-script\" nowprocket type=\"application\/javascript\">window.option_df_7100 = {\"outline\":[],\"autoEnableOutline\":\"false\",\"autoEnableThumbnail\":\"false\",\"overwritePDFOutline\":\"false\",\"direction\":\"1\",\"pageSize\":\"0\",\"source\":\"https:\\\/\\\/hagmann-tec.com\\\/wp-content\\\/uploads\\\/2025\\\/08\\\/annonce-HAGMANN-FR-1.pdf\",\"wpOptions\":\"true\"}; if(window.DFLIP && window.DFLIP.parseBooks){window.DFLIP.parseBooks();}<\/script><\/div>\n\t\t\t\t\t\t<\/div>\n\t\t\t\t\t<\/div>\n\t\t<\/div>\n\t\t\t\t\t<\/div>\n\t\t<\/section>\n\t\t\t\t<\/div>\n\t\t","protected":false},"excerpt":{"rendered":"<p>Carri\u00e8re Carri\u00e8re chez Hagmann Tec AG : Construis l\u2019avenir avec nous et d\u00e9passe-toi. Actuellement, tous nos postes sont pourvus Merci beaucoup de l\u2019int\u00e9r\u00eat que vous portez \u00e0 rejoindre notre \u00e9quipe ! Pour le moment, nous n\u2019avons pas de postes ouverts, mais cela peut changer \u00e0 tout moment. N\u2019h\u00e9sitez pas \u00e0 revenir prochainement pour d\u00e9couvrir de [&hellip;]<\/p>\n","protected":false},"author":1,"featured_media":0,"parent":0,"menu_order":0,"comment_status":"closed","ping_status":"closed","template":"","meta":{"_monsterinsights_skip_tracking":false,"_monsterinsights_sitenote_active":false,"_monsterinsights_sitenote_note":"","_monsterinsights_sitenote_category":0,"footnotes":""},"class_list":["post-3204","page","type-page","status-publish","hentry"],"aioseo_notices":[],"_links":{"self":[{"href":"https:\/\/hagmann-tec.com\/fr\/wp-json\/wp\/v2\/pages\/3204","targetHints":{"allow":["GET"]}}],"collection":[{"href":"https:\/\/hagmann-tec.com\/fr\/wp-json\/wp\/v2\/pages"}],"about":[{"href":"https:\/\/hagmann-tec.com\/fr\/wp-json\/wp\/v2\/types\/page"}],"author":[{"embeddable":true,"href":"https:\/\/hagmann-tec.com\/fr\/wp-json\/wp\/v2\/users\/1"}],"replies":[{"embeddable":true,"href":"https:\/\/hagmann-tec.com\/fr\/wp-json\/wp\/v2\/comments?post=3204"}],"version-history":[{"count":65,"href":"https:\/\/hagmann-tec.com\/fr\/wp-json\/wp\/v2\/pages\/3204\/revisions"}],"predecessor-version":[{"id":7459,"href":"https:\/\/hagmann-tec.com\/fr\/wp-json\/wp\/v2\/pages\/3204\/revisions\/7459"}],"wp:attachment":[{"href":"https:\/\/hagmann-tec.com\/fr\/wp-json\/wp\/v2\/media?parent=3204"}],"curies":[{"name":"wp","href":"https:\/\/api.w.org\/{rel}","templated":true}]}}