{"id":3328,"date":"2023-11-02T15:19:56","date_gmt":"2023-11-02T14:19:56","guid":{"rendered":"https:\/\/hagmann-tec.com\/?page_id=3328"},"modified":"2025-08-07T13:49:58","modified_gmt":"2025-08-07T12:49:58","slug":"valeurs","status":"publish","type":"page","link":"https:\/\/hagmann-tec.com\/fr\/valeurs\/","title":{"rendered":"Valeurs"},"content":{"rendered":"\t\t<div data-elementor-type=\"wp-page\" data-elementor-id=\"3328\" class=\"elementor elementor-3328 elementor-1332\" data-elementor-post-type=\"page\">\n\t\t\t\t\t\t<section class=\"elementor-section elementor-top-section elementor-element elementor-element-2ac67bc0 elementor-section-height-min-height elementor-section-boxed elementor-section-height-default elementor-section-items-middle elementor-invisible\" data-id=\"2ac67bc0\" data-element_type=\"section\" data-e-type=\"section\" data-settings=\"{&quot;background_background&quot;:&quot;classic&quot;,&quot;animation&quot;:&quot;fadeIn&quot;}\">\n\t\t\t\t\t\t\t<div class=\"elementor-background-overlay\"><\/div>\n\t\t\t\t\t\t\t<div class=\"elementor-container elementor-column-gap-default\">\n\t\t\t\t\t<div class=\"elementor-column elementor-col-100 elementor-top-column elementor-element elementor-element-62bc09da\" data-id=\"62bc09da\" data-element_type=\"column\" data-e-type=\"column\">\n\t\t\t<div class=\"elementor-widget-wrap elementor-element-populated\">\n\t\t\t\t\t\t<div class=\"elementor-element elementor-element-2ef23228 de_scroll_animation_no elementor-widget elementor-widget-heading\" data-id=\"2ef23228\" data-element_type=\"widget\" data-e-type=\"widget\" data-settings=\"{&quot;_animation&quot;:&quot;none&quot;}\" data-widget_type=\"heading.default\">\n\t\t\t\t\t<h2 class=\"elementor-heading-title elementor-size-default\">Valeurs<\/h2>\t\t\t\t<\/div>\n\t\t\t\t\t<\/div>\n\t\t<\/div>\n\t\t\t\t\t<\/div>\n\t\t<\/section>\n\t\t\t\t<section class=\"elementor-section elementor-top-section elementor-element elementor-element-3432c12 elementor-section-boxed elementor-section-height-default elementor-section-height-default\" data-id=\"3432c12\" data-element_type=\"section\" data-e-type=\"section\">\n\t\t\t\t\t\t<div class=\"elementor-container elementor-column-gap-default\">\n\t\t\t\t\t<div class=\"elementor-column elementor-col-100 elementor-top-column elementor-element elementor-element-f9e0801\" data-id=\"f9e0801\" data-element_type=\"column\" data-e-type=\"column\">\n\t\t\t<div class=\"elementor-widget-wrap elementor-element-populated\">\n\t\t\t\t\t\t<div class=\"elementor-element elementor-element-de0abf7 de_scroll_animation_no elementor-widget elementor-widget-heading\" data-id=\"de0abf7\" data-element_type=\"widget\" data-e-type=\"widget\" data-widget_type=\"heading.default\">\n\t\t\t\t\t<h1 class=\"elementor-heading-title elementor-size-default\">Nos valeurs \u2013 la base de la confiance, de la qualit\u00e9 et de la collaboration dans tout ce que nous faisons.\n<\/h1>\t\t\t\t<\/div>\n\t\t\t\t<div class=\"elementor-element elementor-element-5b8b46e de_scroll_animation_no elementor-widget elementor-widget-text-editor\" data-id=\"5b8b46e\" data-element_type=\"widget\" data-e-type=\"widget\" data-widget_type=\"text-editor.default\">\n\t\t\t\t\t\t\t\t\t<ul><li>Sur notre site de Selzach, nous misons sur l\u2019innovation et l\u2019excellence technologique. Gr\u00e2ce \u00e0 une gamme de produits diversifi\u00e9e, nous d\u00e9veloppons des solutions qui marquent durablement le march\u00e9.<\/li><\/ul><div>\u00a0<\/div><ul><li>Ensemble, nous cr\u00e9ons un environnement o\u00f9 la technologie est v\u00e9cue au quotidien \u2013 et un cadre de travail qui favorise les \u00e9changes cr\u00e9atifs et la collaboration interdisciplinaire.<\/li><\/ul><div>\u00a0<\/div><ul><li>Nos relations avec les fournisseurs reposent sur la confiance, la transparence et des partenariats \u00e0 long terme. Une communication ouverte nous permet d\u2019identifier des synergies et d\u2019am\u00e9liorer l\u2019efficacit\u00e9 ensemble.<\/li><\/ul><div>\u00a0<\/div><ul><li>Nos strat\u00e9gies de prix sont durables et \u00e9quitables \u2013 \u00e9conomiquement viables tout en respectant les valeurs sociales et environnementales.<\/li><\/ul><div>\u00a0<\/div><ul><li>Nous r\u00e9pondons aux exigences \u2013 et allons plus loin en d\u00e9passant les attentes de nos clients gr\u00e2ce \u00e0 l\u2019innovation et \u00e0 la qualit\u00e9. L\u2019am\u00e9lioration continue et un v\u00e9ritable esprit d\u2019innovation garantissent une valeur ajout\u00e9e tangible.<\/li><\/ul><div>\u00a0<\/div><ul><li>En tant que partenaire fiable, nous misons sur un accompagnement proactif et des solutions personnalis\u00e9es \u2013 en dialogue constant avec nos clients.<\/li><\/ul><div>\u00a0<\/div><ul><li>Nous assumons pleinement notre responsabilit\u00e9 environnementale : gr\u00e2ce \u00e0 des infrastructures modernes et des am\u00e9liorations continues, nous r\u00e9duisons activement notre empreinte \u00e9cologique \u2013 aujourd\u2019hui et pour l\u2019avenir.<\/li><\/ul><div>\u00a0<\/div>\t\t\t\t\t\t\t\t<\/div>\n\t\t\t\t\t<\/div>\n\t\t<\/div>\n\t\t\t\t\t<\/div>\n\t\t<\/section>\n\t\t\t\t<section class=\"elementor-section elementor-top-section elementor-element elementor-element-c48f3a2 elementor-section-boxed elementor-section-height-default elementor-section-height-default\" data-id=\"c48f3a2\" data-element_type=\"section\" data-e-type=\"section\">\n\t\t\t\t\t\t<div class=\"elementor-container elementor-column-gap-default\">\n\t\t\t\t\t<div class=\"elementor-column elementor-col-100 elementor-top-column elementor-element elementor-element-124ab04\" data-id=\"124ab04\" data-element_type=\"column\" data-e-type=\"column\">\n\t\t\t<div class=\"elementor-widget-wrap elementor-element-populated\">\n\t\t\t\t\t\t<div class=\"elementor-element elementor-element-6f27e22 de_scroll_animation_no elementor-widget elementor-widget-image\" data-id=\"6f27e22\" data-element_type=\"widget\" data-e-type=\"widget\" data-widget_type=\"image.default\">\n\t\t\t\t\t\t\t\t\t\t\t\t\t\t\t\t<a href=\"https:\/\/hagmann-tec.com\/wp-content\/uploads\/2025\/07\/Hagmann-Logo_Entwurf_V1.0_FullRes-e1751967129742.png\" data-elementor-open-lightbox=\"yes\" data-e-action-hash=\"#elementor-action%3Aaction%3Dlightbox%26settings%3DeyJpZCI6NzA2MCwidXJsIjoiaHR0cHM6XC9cL2hhZ21hbm4tdGVjLmNvbVwvd3AtY29udGVudFwvdXBsb2Fkc1wvMjAyNVwvMDdcL0hhZ21hbm4tTG9nb19FbnR3dXJmX1YxLjBfRnVsbFJlcy1lMTc1MTk2NzEyOTc0Mi5wbmcifQ%3D%3D\">\n\t\t\t\t\t\t\t<img loading=\"lazy\" decoding=\"async\" width=\"1578\" height=\"598\" src=\"https:\/\/hagmann-tec.com\/wp-content\/uploads\/2025\/07\/Hagmann-Logo_Entwurf_V1.0_FullRes-e1751967129742.png\" class=\"attachment-full size-full wp-image-7060\" alt=\"\" srcset=\"https:\/\/hagmann-tec.com\/wp-content\/uploads\/2025\/07\/Hagmann-Logo_Entwurf_V1.0_FullRes-e1751967129742.png 1578w, https:\/\/hagmann-tec.com\/wp-content\/uploads\/2025\/07\/Hagmann-Logo_Entwurf_V1.0_FullRes-e1751967129742-300x114.png 300w, https:\/\/hagmann-tec.com\/wp-content\/uploads\/2025\/07\/Hagmann-Logo_Entwurf_V1.0_FullRes-e1751967129742-1024x388.png 1024w, https:\/\/hagmann-tec.com\/wp-content\/uploads\/2025\/07\/Hagmann-Logo_Entwurf_V1.0_FullRes-e1751967129742-768x291.png 768w, https:\/\/hagmann-tec.com\/wp-content\/uploads\/2025\/07\/Hagmann-Logo_Entwurf_V1.0_FullRes-e1751967129742-1536x582.png 1536w\" sizes=\"auto, (max-width: 1578px) 100vw, 1578px\" \/>\t\t\t\t\t\t\t\t<\/a>\n\t\t\t\t\t\t\t\t\t\t\t\t\t\t\t<\/div>\n\t\t\t\t\t<\/div>\n\t\t<\/div>\n\t\t\t\t\t<\/div>\n\t\t<\/section>\n\t\t\t\t<\/div>\n\t\t","protected":false},"excerpt":{"rendered":"<p>Valeurs Nos valeurs \u2013 la base de la confiance, de la qualit\u00e9 et de la collaboration dans tout ce que nous faisons. Sur notre site de Selzach, nous misons sur l\u2019innovation et l\u2019excellence technologique. Gr\u00e2ce \u00e0 une gamme de produits diversifi\u00e9e, nous d\u00e9veloppons des solutions qui marquent durablement le march\u00e9. \u00a0 Ensemble, nous cr\u00e9ons un [&hellip;]<\/p>\n","protected":false},"author":1,"featured_media":0,"parent":0,"menu_order":0,"comment_status":"closed","ping_status":"closed","template":"","meta":{"_monsterinsights_skip_tracking":false,"_monsterinsights_sitenote_active":false,"_monsterinsights_sitenote_note":"","_monsterinsights_sitenote_category":0,"footnotes":""},"class_list":["post-3328","page","type-page","status-publish","hentry"],"aioseo_notices":[],"_links":{"self":[{"href":"https:\/\/hagmann-tec.com\/fr\/wp-json\/wp\/v2\/pages\/3328","targetHints":{"allow":["GET"]}}],"collection":[{"href":"https:\/\/hagmann-tec.com\/fr\/wp-json\/wp\/v2\/pages"}],"about":[{"href":"https:\/\/hagmann-tec.com\/fr\/wp-json\/wp\/v2\/types\/page"}],"author":[{"embeddable":true,"href":"https:\/\/hagmann-tec.com\/fr\/wp-json\/wp\/v2\/users\/1"}],"replies":[{"embeddable":true,"href":"https:\/\/hagmann-tec.com\/fr\/wp-json\/wp\/v2\/comments?post=3328"}],"version-history":[{"count":44,"href":"https:\/\/hagmann-tec.com\/fr\/wp-json\/wp\/v2\/pages\/3328\/revisions"}],"predecessor-version":[{"id":7260,"href":"https:\/\/hagmann-tec.com\/fr\/wp-json\/wp\/v2\/pages\/3328\/revisions\/7260"}],"wp:attachment":[{"href":"https:\/\/hagmann-tec.com\/fr\/wp-json\/wp\/v2\/media?parent=3328"}],"curies":[{"name":"wp","href":"https:\/\/api.w.org\/{rel}","templated":true}]}}