{"id":3749,"date":"2023-05-29T15:13:17","date_gmt":"2023-05-29T14:13:17","guid":{"rendered":"https:\/\/hagmann-tec.com\/?page_id=3749"},"modified":"2026-03-03T14:15:56","modified_gmt":"2026-03-03T13:15:56","slug":"equipe","status":"publish","type":"page","link":"https:\/\/hagmann-tec.com\/fr\/equipe\/","title":{"rendered":"\u00c9quipe"},"content":{"rendered":"\t\t<div data-elementor-type=\"wp-page\" data-elementor-id=\"3749\" class=\"elementor elementor-3749 elementor-352\" data-elementor-post-type=\"page\">\n\t\t\t\t\t\t<section class=\"elementor-section elementor-top-section elementor-element elementor-element-2ac67bc0 elementor-section-height-min-height elementor-section-boxed elementor-section-height-default elementor-section-items-middle elementor-invisible\" data-id=\"2ac67bc0\" data-element_type=\"section\" data-e-type=\"section\" data-settings=\"{&quot;background_background&quot;:&quot;classic&quot;,&quot;animation&quot;:&quot;fadeIn&quot;}\">\n\t\t\t\t\t\t\t<div class=\"elementor-background-overlay\"><\/div>\n\t\t\t\t\t\t\t<div class=\"elementor-container elementor-column-gap-default\">\n\t\t\t\t\t<div class=\"elementor-column elementor-col-100 elementor-top-column elementor-element elementor-element-18ba81a\" data-id=\"18ba81a\" data-element_type=\"column\" data-e-type=\"column\">\n\t\t\t<div class=\"elementor-widget-wrap\">\n\t\t\t\t\t\t\t<\/div>\n\t\t<\/div>\n\t\t\t\t\t<\/div>\n\t\t<\/section>\n\t\t\t\t<section class=\"elementor-section elementor-top-section elementor-element elementor-element-fe7ae6a elementor-section-full_width elementor-section-height-default elementor-section-height-default\" data-id=\"fe7ae6a\" data-element_type=\"section\" data-e-type=\"section\">\n\t\t\t\t\t\t<div class=\"elementor-container elementor-column-gap-default\">\n\t\t\t\t\t<div class=\"elementor-column elementor-col-100 elementor-top-column elementor-element elementor-element-91c8d89\" data-id=\"91c8d89\" data-element_type=\"column\" data-e-type=\"column\">\n\t\t\t<div class=\"elementor-widget-wrap elementor-element-populated\">\n\t\t\t\t\t\t<div class=\"elementor-element elementor-element-7a4a113 elementor-widget__width-initial de_scroll_animation_no elementor-widget elementor-widget-heading\" data-id=\"7a4a113\" data-element_type=\"widget\" data-e-type=\"widget\" data-widget_type=\"heading.default\">\n\t\t\t\t\t<h1 class=\"elementor-heading-title elementor-size-default\">Contactez-nous \u2013 nous sommes disponibles pour r\u00e9pondre \u00e0 toutes vos questions.<\/h1>\t\t\t\t<\/div>\n\t\t\t\t\t<\/div>\n\t\t<\/div>\n\t\t\t\t\t<\/div>\n\t\t<\/section>\n\t\t\t\t<section class=\"elementor-section elementor-top-section elementor-element elementor-element-4037d451 elementor-section-full_width elementor-section-height-default elementor-section-height-default\" data-id=\"4037d451\" data-element_type=\"section\" data-e-type=\"section\">\n\t\t\t\t\t\t<div class=\"elementor-container elementor-column-gap-default\">\n\t\t\t\t\t<div class=\"elementor-column elementor-col-20 elementor-top-column elementor-element elementor-element-781f9c2e\" data-id=\"781f9c2e\" data-element_type=\"column\" data-e-type=\"column\" data-settings=\"{&quot;background_background&quot;:&quot;classic&quot;,&quot;animation&quot;:&quot;none&quot;}\">\n\t\t\t<div class=\"elementor-widget-wrap elementor-element-populated\">\n\t\t\t\t\t\t<section class=\"elementor-section elementor-inner-section elementor-element elementor-element-7af6c179 elementor-section-height-min-height elementor-section-content-middle elementor-section-boxed elementor-section-height-default\" data-id=\"7af6c179\" data-element_type=\"section\" data-e-type=\"section\">\n\t\t\t\t\t\t<div class=\"elementor-container elementor-column-gap-no\">\n\t\t\t\t\t<div class=\"elementor-column elementor-col-100 elementor-inner-column elementor-element elementor-element-564fa8e1\" data-id=\"564fa8e1\" data-element_type=\"column\" data-e-type=\"column\">\n\t\t\t<div class=\"elementor-widget-wrap elementor-element-populated\">\n\t\t\t\t\t\t<div class=\"elementor-element elementor-element-729806cf de_scroll_animation_no elementor-widget elementor-widget-heading\" data-id=\"729806cf\" data-element_type=\"widget\" data-e-type=\"widget\" data-widget_type=\"heading.default\">\n\t\t\t\t\t<h4 class=\"elementor-heading-title elementor-size-default\">Directrice g\u00e9n\u00e9rale \nPDG<\/h4>\t\t\t\t<\/div>\n\t\t\t\t\t<\/div>\n\t\t<\/div>\n\t\t\t\t\t<\/div>\n\t\t<\/section>\n\t\t\t\t<div class=\"elementor-element elementor-element-45d6337 elementor-position-top de_scroll_animation_no elementor-widget elementor-widget-image-box\" data-id=\"45d6337\" data-element_type=\"widget\" data-e-type=\"widget\" data-widget_type=\"image-box.default\">\n\t\t\t\t\t<div class=\"elementor-image-box-wrapper\"><figure class=\"elementor-image-box-img\"><a href=\"mailto:linda.muther@hagmann-tec.com\" tabindex=\"-1\"><img loading=\"lazy\" decoding=\"async\" width=\"683\" height=\"1024\" src=\"https:\/\/hagmann-tec.com\/wp-content\/uploads\/2023\/11\/Linda-683x1024.jpg\" class=\"attachment-large size-large wp-image-1353\" alt=\"Linda Muther\" srcset=\"https:\/\/hagmann-tec.com\/wp-content\/uploads\/2023\/11\/Linda-683x1024.jpg 683w, https:\/\/hagmann-tec.com\/wp-content\/uploads\/2023\/11\/Linda-200x300.jpg 200w, https:\/\/hagmann-tec.com\/wp-content\/uploads\/2023\/11\/Linda-768x1152.jpg 768w, https:\/\/hagmann-tec.com\/wp-content\/uploads\/2023\/11\/Linda-1024x1536.jpg 1024w, https:\/\/hagmann-tec.com\/wp-content\/uploads\/2023\/11\/Linda-1365x2048.jpg 1365w, https:\/\/hagmann-tec.com\/wp-content\/uploads\/2023\/11\/Linda-scaled.jpg 1280w\" sizes=\"auto, (max-width: 683px) 100vw, 683px\" \/><\/a><\/figure><div class=\"elementor-image-box-content\"><h5 class=\"elementor-image-box-title\"><a href=\"mailto:linda.muther@hagmann-tec.com\">Linda Muther<\/a><\/h5><p class=\"elementor-image-box-description\"><b>CEO<\/b><br>\n<a href=\"mailto:linda.muther@hagmann-tec.com\">linda.muther@hagmann-tec.com<\/a><\/p><\/div><\/div>\t\t\t\t<\/div>\n\t\t\t\t\t<\/div>\n\t\t<\/div>\n\t\t\t\t<div class=\"elementor-column elementor-col-20 elementor-top-column elementor-element elementor-element-b46d607\" data-id=\"b46d607\" data-element_type=\"column\" data-e-type=\"column\" data-settings=\"{&quot;background_background&quot;:&quot;classic&quot;,&quot;animation&quot;:&quot;none&quot;}\">\n\t\t\t<div class=\"elementor-widget-wrap elementor-element-populated\">\n\t\t\t\t\t\t<section class=\"elementor-section elementor-inner-section elementor-element elementor-element-7d347558 elementor-section-height-min-height elementor-section-content-middle elementor-section-boxed elementor-section-height-default\" data-id=\"7d347558\" data-element_type=\"section\" data-e-type=\"section\">\n\t\t\t\t\t\t<div class=\"elementor-container elementor-column-gap-no\">\n\t\t\t\t\t<div class=\"elementor-column elementor-col-100 elementor-inner-column elementor-element elementor-element-70608cfc\" data-id=\"70608cfc\" data-element_type=\"column\" data-e-type=\"column\">\n\t\t\t<div class=\"elementor-widget-wrap elementor-element-populated\">\n\t\t\t\t\t\t<div class=\"elementor-element elementor-element-30160d7c de_scroll_animation_no elementor-widget elementor-widget-heading\" data-id=\"30160d7c\" data-element_type=\"widget\" data-e-type=\"widget\" data-widget_type=\"heading.default\">\n\t\t\t\t\t<h4 class=\"elementor-heading-title elementor-size-default\">Key Account &amp; Marketing Manager<\/h4>\t\t\t\t<\/div>\n\t\t\t\t\t<\/div>\n\t\t<\/div>\n\t\t\t\t\t<\/div>\n\t\t<\/section>\n\t\t\t\t<div class=\"elementor-element elementor-element-5245311d elementor-position-top de_scroll_animation_no elementor-widget elementor-widget-image-box\" data-id=\"5245311d\" data-element_type=\"widget\" data-e-type=\"widget\" data-widget_type=\"image-box.default\">\n\t\t\t\t\t<div class=\"elementor-image-box-wrapper\"><figure class=\"elementor-image-box-img\"><img loading=\"lazy\" decoding=\"async\" width=\"683\" height=\"1024\" src=\"https:\/\/hagmann-tec.com\/wp-content\/uploads\/2023\/11\/Christian-683x1024.jpg\" class=\"attachment-large size-large wp-image-1348\" alt=\"Christian Rotzler\" srcset=\"https:\/\/hagmann-tec.com\/wp-content\/uploads\/2023\/11\/Christian-683x1024.jpg 683w, https:\/\/hagmann-tec.com\/wp-content\/uploads\/2023\/11\/Christian-200x300.jpg 200w, https:\/\/hagmann-tec.com\/wp-content\/uploads\/2023\/11\/Christian-768x1152.jpg 768w, https:\/\/hagmann-tec.com\/wp-content\/uploads\/2023\/11\/Christian-scaled.jpg 1280w\" sizes=\"auto, (max-width: 683px) 100vw, 683px\" \/><\/figure><div class=\"elementor-image-box-content\"><h5 class=\"elementor-image-box-title\">Christian Rotzler<\/h5><p class=\"elementor-image-box-description\"><b>Key Account &amp; Marketing Manager<\/b><br>\n<a href=\"mailto:christian.rotzler@hagmann-tec.com\">christian.rotzler@hagmann-tec.com<\/a><\/p><\/div><\/div>\t\t\t\t<\/div>\n\t\t\t\t\t<\/div>\n\t\t<\/div>\n\t\t\t\t<div class=\"elementor-column elementor-col-20 elementor-top-column elementor-element elementor-element-609f454d\" data-id=\"609f454d\" data-element_type=\"column\" data-e-type=\"column\" data-settings=\"{&quot;background_background&quot;:&quot;classic&quot;,&quot;animation&quot;:&quot;none&quot;}\">\n\t\t\t<div class=\"elementor-widget-wrap elementor-element-populated\">\n\t\t\t\t\t\t<section class=\"elementor-section elementor-inner-section elementor-element elementor-element-6c44e569 elementor-section-height-min-height elementor-section-content-middle elementor-section-boxed elementor-section-height-default\" data-id=\"6c44e569\" data-element_type=\"section\" data-e-type=\"section\">\n\t\t\t\t\t\t<div class=\"elementor-container elementor-column-gap-no\">\n\t\t\t\t\t<div class=\"elementor-column elementor-col-100 elementor-inner-column elementor-element elementor-element-36049c4f\" data-id=\"36049c4f\" data-element_type=\"column\" data-e-type=\"column\">\n\t\t\t<div class=\"elementor-widget-wrap elementor-element-populated\">\n\t\t\t\t\t\t<div class=\"elementor-element elementor-element-5d266742 de_scroll_animation_no elementor-widget elementor-widget-heading\" data-id=\"5d266742\" data-element_type=\"widget\" data-e-type=\"widget\" data-widget_type=\"heading.default\">\n\t\t\t\t\t<h4 class=\"elementor-heading-title elementor-size-default\">Production Manager Equipment<\/h4>\t\t\t\t<\/div>\n\t\t\t\t\t<\/div>\n\t\t<\/div>\n\t\t\t\t\t<\/div>\n\t\t<\/section>\n\t\t\t\t<div class=\"elementor-element elementor-element-38ad28fb elementor-position-top de_scroll_animation_no elementor-widget elementor-widget-image-box\" data-id=\"38ad28fb\" data-element_type=\"widget\" data-e-type=\"widget\" data-widget_type=\"image-box.default\">\n\t\t\t\t\t<div class=\"elementor-image-box-wrapper\"><figure class=\"elementor-image-box-img\"><img loading=\"lazy\" decoding=\"async\" width=\"683\" height=\"1024\" src=\"https:\/\/hagmann-tec.com\/wp-content\/uploads\/2023\/11\/Fabian-683x1024.jpg\" class=\"attachment-large size-large wp-image-1349\" alt=\"Fabian Niggli\" srcset=\"https:\/\/hagmann-tec.com\/wp-content\/uploads\/2023\/11\/Fabian-683x1024.jpg 683w, https:\/\/hagmann-tec.com\/wp-content\/uploads\/2023\/11\/Fabian-200x300.jpg 200w, https:\/\/hagmann-tec.com\/wp-content\/uploads\/2023\/11\/Fabian-768x1152.jpg 768w, https:\/\/hagmann-tec.com\/wp-content\/uploads\/2023\/11\/Fabian-1024x1536.jpg 1024w, https:\/\/hagmann-tec.com\/wp-content\/uploads\/2023\/11\/Fabian-1365x2048.jpg 1365w, https:\/\/hagmann-tec.com\/wp-content\/uploads\/2023\/11\/Fabian-scaled.jpg 1280w\" sizes=\"auto, (max-width: 683px) 100vw, 683px\" \/><\/figure><div class=\"elementor-image-box-content\"><h5 class=\"elementor-image-box-title\">Fabian Niggli<\/h5><p class=\"elementor-image-box-description\"><b>Production Manager Equipment<\/b><br>\n<a href=\"mailto:fabian.niggli@hagmann-tec.com\">fabian.niggli@hagmann-tec.com<\/a><\/p><\/div><\/div>\t\t\t\t<\/div>\n\t\t\t\t\t<\/div>\n\t\t<\/div>\n\t\t\t\t<div class=\"elementor-column elementor-col-20 elementor-top-column elementor-element elementor-element-81589f8\" data-id=\"81589f8\" data-element_type=\"column\" data-e-type=\"column\" data-settings=\"{&quot;background_background&quot;:&quot;classic&quot;,&quot;animation&quot;:&quot;none&quot;}\">\n\t\t\t<div class=\"elementor-widget-wrap elementor-element-populated\">\n\t\t\t\t\t\t<section class=\"elementor-section elementor-inner-section elementor-element elementor-element-45ffcb0 elementor-section-height-min-height elementor-section-content-middle elementor-section-boxed elementor-section-height-default\" data-id=\"45ffcb0\" data-element_type=\"section\" data-e-type=\"section\">\n\t\t\t\t\t\t<div class=\"elementor-container elementor-column-gap-no\">\n\t\t\t\t\t<div class=\"elementor-column elementor-col-100 elementor-inner-column elementor-element elementor-element-875aa28\" data-id=\"875aa28\" data-element_type=\"column\" data-e-type=\"column\">\n\t\t\t<div class=\"elementor-widget-wrap elementor-element-populated\">\n\t\t\t\t\t\t<div class=\"elementor-element elementor-element-9aba7ab de_scroll_animation_no elementor-widget elementor-widget-heading\" data-id=\"9aba7ab\" data-element_type=\"widget\" data-e-type=\"widget\" data-widget_type=\"heading.default\">\n\t\t\t\t\t<h4 class=\"elementor-heading-title elementor-size-default\">Production Manager CNC-Milling<\/h4>\t\t\t\t<\/div>\n\t\t\t\t\t<\/div>\n\t\t<\/div>\n\t\t\t\t\t<\/div>\n\t\t<\/section>\n\t\t\t\t<div class=\"elementor-element elementor-element-e44b87f elementor-position-top de_scroll_animation_no elementor-widget elementor-widget-image-box\" data-id=\"e44b87f\" data-element_type=\"widget\" data-e-type=\"widget\" data-widget_type=\"image-box.default\">\n\t\t\t\t\t<div class=\"elementor-image-box-wrapper\"><figure class=\"elementor-image-box-img\"><img loading=\"lazy\" decoding=\"async\" width=\"683\" height=\"1024\" src=\"https:\/\/hagmann-tec.com\/wp-content\/uploads\/2025\/11\/599A5749-683x1024.jpg\" class=\"attachment-large size-large wp-image-7464\" alt=\"Dominic Kobel\" srcset=\"https:\/\/hagmann-tec.com\/wp-content\/uploads\/2025\/11\/599A5749-683x1024.jpg 683w, https:\/\/hagmann-tec.com\/wp-content\/uploads\/2025\/11\/599A5749-200x300.jpg 200w, https:\/\/hagmann-tec.com\/wp-content\/uploads\/2025\/11\/599A5749-768x1152.jpg 768w, https:\/\/hagmann-tec.com\/wp-content\/uploads\/2025\/11\/599A5749-1024x1536.jpg 1024w, https:\/\/hagmann-tec.com\/wp-content\/uploads\/2025\/11\/599A5749.jpg 1280w\" sizes=\"auto, (max-width: 683px) 100vw, 683px\" \/><\/figure><div class=\"elementor-image-box-content\"><h5 class=\"elementor-image-box-title\">Dominic Kobel<\/h5><p class=\"elementor-image-box-description\"><b>Production Manager CNC-Milling<\/b>\n<a href=\"mailto:dominic.kobel@hagmann-tec.com\">dominic.kobel@hagmann-tec.com<\/a><\/p><\/div><\/div>\t\t\t\t<\/div>\n\t\t\t\t\t<\/div>\n\t\t<\/div>\n\t\t\t\t<div class=\"elementor-column elementor-col-20 elementor-top-column elementor-element elementor-element-cf1f816\" data-id=\"cf1f816\" data-element_type=\"column\" data-e-type=\"column\" data-settings=\"{&quot;background_background&quot;:&quot;classic&quot;,&quot;animation&quot;:&quot;none&quot;}\">\n\t\t\t<div class=\"elementor-widget-wrap elementor-element-populated\">\n\t\t\t\t\t\t<section class=\"elementor-section elementor-inner-section elementor-element elementor-element-241c332 elementor-section-height-min-height elementor-section-content-middle elementor-section-boxed elementor-section-height-default\" data-id=\"241c332\" data-element_type=\"section\" data-e-type=\"section\">\n\t\t\t\t\t\t<div class=\"elementor-container elementor-column-gap-no\">\n\t\t\t\t\t<div class=\"elementor-column elementor-col-100 elementor-inner-column elementor-element elementor-element-33fba3b\" data-id=\"33fba3b\" data-element_type=\"column\" data-e-type=\"column\">\n\t\t\t<div class=\"elementor-widget-wrap elementor-element-populated\">\n\t\t\t\t\t\t<div class=\"elementor-element elementor-element-45bf98a de_scroll_animation_no elementor-widget elementor-widget-heading\" data-id=\"45bf98a\" data-element_type=\"widget\" data-e-type=\"widget\" data-widget_type=\"heading.default\">\n\t\t\t\t\t<h4 class=\"elementor-heading-title elementor-size-default\">Process Technology Manager<\/h4>\t\t\t\t<\/div>\n\t\t\t\t\t<\/div>\n\t\t<\/div>\n\t\t\t\t\t<\/div>\n\t\t<\/section>\n\t\t\t\t<div class=\"elementor-element elementor-element-f7d1dd0 elementor-position-top de_scroll_animation_no elementor-widget elementor-widget-image-box\" data-id=\"f7d1dd0\" data-element_type=\"widget\" data-e-type=\"widget\" data-widget_type=\"image-box.default\">\n\t\t\t\t\t<div class=\"elementor-image-box-wrapper\"><figure class=\"elementor-image-box-img\"><img loading=\"lazy\" decoding=\"async\" width=\"683\" height=\"1024\" src=\"https:\/\/hagmann-tec.com\/wp-content\/uploads\/2023\/11\/Silvan-683x1024.jpg\" class=\"attachment-large size-large wp-image-1351\" alt=\"Silvan Muther\" srcset=\"https:\/\/hagmann-tec.com\/wp-content\/uploads\/2023\/11\/Silvan-683x1024.jpg 683w, https:\/\/hagmann-tec.com\/wp-content\/uploads\/2023\/11\/Silvan-200x300.jpg 200w, https:\/\/hagmann-tec.com\/wp-content\/uploads\/2023\/11\/Silvan-768x1152.jpg 768w, https:\/\/hagmann-tec.com\/wp-content\/uploads\/2023\/11\/Silvan-1024x1536.jpg 1024w, https:\/\/hagmann-tec.com\/wp-content\/uploads\/2023\/11\/Silvan-1365x2048.jpg 1365w, https:\/\/hagmann-tec.com\/wp-content\/uploads\/2023\/11\/Silvan-scaled.jpg 1280w\" sizes=\"auto, (max-width: 683px) 100vw, 683px\" \/><\/figure><div class=\"elementor-image-box-content\"><h5 class=\"elementor-image-box-title\">Silvan Muther<\/h5><p class=\"elementor-image-box-description\"><b>Process Technology Manager<\/b>\n<a href=\"mailto:silvan.muther@hagmann-tec.com\">silvan.muther@hagmann-tec.com<\/a><\/p><\/div><\/div>\t\t\t\t<\/div>\n\t\t\t\t\t<\/div>\n\t\t<\/div>\n\t\t\t\t\t<\/div>\n\t\t<\/section>\n\t\t\t\t<\/div>\n\t\t","protected":false},"excerpt":{"rendered":"<p>Contactez-nous \u2013 nous sommes disponibles pour r\u00e9pondre \u00e0 toutes vos questions. Directrice g\u00e9n\u00e9rale PDG Linda Muther CEO linda.muther@hagmann-tec.com Key Account &amp; Marketing Manager Christian Rotzler Key Account &amp; Marketing Manager christian.rotzler@hagmann-tec.com Production Manager Equipment Fabian Niggli Production Manager Equipment fabian.niggli@hagmann-tec.com Production Manager CNC-Milling Dominic Kobel Production Manager CNC-Milling dominic.kobel@hagmann-tec.com Process Technology Manager Silvan Muther Process [&hellip;]<\/p>\n","protected":false},"author":1,"featured_media":0,"parent":0,"menu_order":0,"comment_status":"closed","ping_status":"closed","template":"","meta":{"_monsterinsights_skip_tracking":false,"_monsterinsights_sitenote_active":false,"_monsterinsights_sitenote_note":"","_monsterinsights_sitenote_category":0,"footnotes":""},"class_list":["post-3749","page","type-page","status-publish","hentry"],"aioseo_notices":[],"_links":{"self":[{"href":"https:\/\/hagmann-tec.com\/fr\/wp-json\/wp\/v2\/pages\/3749","targetHints":{"allow":["GET"]}}],"collection":[{"href":"https:\/\/hagmann-tec.com\/fr\/wp-json\/wp\/v2\/pages"}],"about":[{"href":"https:\/\/hagmann-tec.com\/fr\/wp-json\/wp\/v2\/types\/page"}],"author":[{"embeddable":true,"href":"https:\/\/hagmann-tec.com\/fr\/wp-json\/wp\/v2\/users\/1"}],"replies":[{"embeddable":true,"href":"https:\/\/hagmann-tec.com\/fr\/wp-json\/wp\/v2\/comments?post=3749"}],"version-history":[{"count":76,"href":"https:\/\/hagmann-tec.com\/fr\/wp-json\/wp\/v2\/pages\/3749\/revisions"}],"predecessor-version":[{"id":7669,"href":"https:\/\/hagmann-tec.com\/fr\/wp-json\/wp\/v2\/pages\/3749\/revisions\/7669"}],"wp:attachment":[{"href":"https:\/\/hagmann-tec.com\/fr\/wp-json\/wp\/v2\/media?parent=3749"}],"curies":[{"name":"wp","href":"https:\/\/api.w.org\/{rel}","templated":true}]}}